{"id":742,"date":"2018-02-10T23:34:57","date_gmt":"2018-02-10T23:34:57","guid":{"rendered":"https:\/\/alphalunacomic.net\/spanish\/?page_id=742"},"modified":"2018-02-10T23:34:57","modified_gmt":"2018-02-10T23:34:57","slug":"collie","status":"publish","type":"page","link":"https:\/\/alphalunacomic.net\/spanish\/characters\/collie\/","title":{"rendered":"Collie"},"content":{"rendered":"<p><img loading=\"lazy\" decoding=\"async\" class=\"aligncenter size-full wp-image-743\" src=\"https:\/\/alphaluna.net\/spanish\/wp-content\/uploads\/sites\/2\/2018\/02\/ficha_collie.jpg\" alt=\"\" width=\"728\" height=\"559\" srcset=\"https:\/\/alphalunacomic.net\/spanish\/wp-content\/uploads\/sites\/2\/2018\/02\/ficha_collie.jpg 728w, https:\/\/alphalunacomic.net\/spanish\/wp-content\/uploads\/sites\/2\/2018\/02\/ficha_collie-300x230.jpg 300w\" sizes=\"auto, (max-width: 728px) 100vw, 728px\" \/><\/p>\n<p>Collie es la \u00fanica y mejor amiga de Luna desde la Escuela Secundaria. Ella esta acostumbraba ser la chica a la que le ordenaban hacer las tareas de la clase, y a causa de su \u00e1vido inter\u00e9s por la lectura (en su mayor\u00eda libros acerca de historias de amor y novelas de cr\u00edmenes) y a una ince\u00edble inteligencia (IQ 170), usualmente terminaba conversando con sus profesores en vez de tener cualquier amistad real con sus compa\u00f1eros de clase.<\/p>\n<p>Ella se considera una amiga de todos con quienes decide conversar, aunque no se tome la molestia de saber si es bien recibida o no. Debido a esto, sus compa\u00f1eros usualmente la han ignorado con el paso de los a\u00f1os, y Collie se acostumbr\u00f3 a eso\u2026 hasta que conoci\u00f3 a una persona muy diferente, Luna.<\/p>\n<p>Fuera de su lado intelectual, ella no es para nada pasiva. Es bastante expresiva con sus sentimientos y no le importa decir lo que piensa en el momento a las personas que conf\u00eda, o para dar consejos. A pesar de su edad, lo que ella ha ganado de la gente mayor es su madurez para responder temas complicados.<\/p>\n<p><strong>Entrevista:<\/strong><br \/>\n<strong> -C\u00f3mo te sientes acerca de la\u2026 gente?:<\/strong><br \/>\n&#8220;Qu\u00e9 quieres decir? Hay de todo tipo de gente, t\u00fa sabes\u2026 gente buena, gente mala, gente divertida, y aquellos que son guapos como Orlando Bloom\u2026 *se sonroja* Como sea\u2026 hay un mont\u00f3n de gente all\u00e1 fuera. S\u00f3lo tienes que salir y buscarlos.&#8221;<\/p>\n<p><strong>C\u00f3mo te sientes acerca del\u2026 poder?:<\/strong><br \/>\n&#8220;Qu\u00e9? Quieres decir gente fuerte? No s\u00e9. Preferir\u00eda mantenerme alejada de esos tipos cabeza de m\u00fasculo. No me gustan para nada. Aunque. bueno mi amiga Luna es fuerte&#8230;mmmm. Supongo que depende de quien y como usa el poder que tiene. &#8221;<\/p>\n<p><strong>C\u00f3mo te sientes acerca del\u2026 amor?:<\/strong><br \/>\n&#8220;El amor es la cosa m\u00e1s incre\u00edble de este mundo, t\u00fa sabes. Puede hacer todo posible si realmente lo quieres. Ahora, mi amor? Eso es un secreto\u2026 espera, ya lo mencion\u00e9 antes? Rayos! Ahora, hay algunas personas que necesitan m\u00e1s amor que otros, creo.&#8221;<\/p>\n<p><strong>C\u00f3mo te sientes acerca de la\u2026 honestidad?:<\/strong><br \/>\n&#8220;S\u00f3lo conozco unas cuantas personas honestas. Es extra\u00f1o que no son de mi edad, como mi Abuela, t\u00fa sabes. He aprendido un mont\u00f3n gracias a ella y a la Sra. Jenkyl en la biblioteca, tambi\u00e9n. El Sr. Carrison es otra buena persona, t\u00fa sabes, y Michi, mi gato. Por supuesto, los animales tienen sentimientos tambi\u00e9n. Lo que no entiendo por qu\u00e9 la gente se miente entre ellas\u2026 la Honestidad deber\u00eda ser el n\u00ba 1 en nuestra lista de vida, y s\u00e9 que Luna siente lo mismo&#8221;<\/p>\n<hr \/>\n<p>Nota del autor: Collie naci\u00f3 con la idea de que Luna necesitaba una compa\u00f1era en su b\u00fasqueda, y la primera idea que tuve en ese momento fue una cazadora buscando venganza contra los hombres-lobo que asesinaron a su novio\u2026 si, claro.<\/p>\n<p>Pero desde que cambi\u00e9 el gui\u00f3n, asi mismo cambi\u00e9 completamente el personaje. Entonces, al final necesitaba a alguien que pudiera estar ah\u00ed para contrarrestar el comportamiento pensativo de Luna con alguien principalmente alegre y capaz de darle vida e incluso algo de comedia al comic cuando fuese necesario. Y principalmente para crear con ella una fuerte conciencia sobre la vida humana de Luna.<\/p>\n<p>Leo<\/p>\n","protected":false},"excerpt":{"rendered":"<p>Collie es la \u00fanica y mejor amiga de Luna desde la Escuela Secundaria. Ella esta acostumbraba ser la chica a la que le ordenaban hacer las tareas de la clase, y a causa de su \u00e1vido inter\u00e9s por la lectura (en su mayor\u00eda libros acerca de historias de amor y novelas de cr\u00edmenes) y a [&hellip;]<\/p>\n","protected":false},"author":1,"featured_media":0,"parent":709,"menu_order":0,"comment_status":"closed","ping_status":"closed","template":"","meta":{"footnotes":""},"class_list":["post-742","page","type-page","status-publish","hentry"],"_links":{"self":[{"href":"https:\/\/alphalunacomic.net\/spanish\/wp-json\/wp\/v2\/pages\/742","targetHints":{"allow":["GET"]}}],"collection":[{"href":"https:\/\/alphalunacomic.net\/spanish\/wp-json\/wp\/v2\/pages"}],"about":[{"href":"https:\/\/alphalunacomic.net\/spanish\/wp-json\/wp\/v2\/types\/page"}],"author":[{"embeddable":true,"href":"https:\/\/alphalunacomic.net\/spanish\/wp-json\/wp\/v2\/users\/1"}],"replies":[{"embeddable":true,"href":"https:\/\/alphalunacomic.net\/spanish\/wp-json\/wp\/v2\/comments?post=742"}],"version-history":[{"count":1,"href":"https:\/\/alphalunacomic.net\/spanish\/wp-json\/wp\/v2\/pages\/742\/revisions"}],"predecessor-version":[{"id":744,"href":"https:\/\/alphalunacomic.net\/spanish\/wp-json\/wp\/v2\/pages\/742\/revisions\/744"}],"up":[{"embeddable":true,"href":"https:\/\/alphalunacomic.net\/spanish\/wp-json\/wp\/v2\/pages\/709"}],"wp:attachment":[{"href":"https:\/\/alphalunacomic.net\/spanish\/wp-json\/wp\/v2\/media?parent=742"}],"curies":[{"name":"wp","href":"https:\/\/api.w.org\/{rel}","templated":true}]}}