{"id":739,"date":"2018-02-10T23:33:50","date_gmt":"2018-02-10T23:33:50","guid":{"rendered":"https:\/\/alphalunacomic.net\/spanish\/?page_id=739"},"modified":"2018-02-10T23:33:50","modified_gmt":"2018-02-10T23:33:50","slug":"luna","status":"publish","type":"page","link":"https:\/\/alphalunacomic.net\/spanish\/characters\/luna\/","title":{"rendered":"Luna"},"content":{"rendered":"<p><img loading=\"lazy\" decoding=\"async\" class=\"aligncenter size-full wp-image-740\" src=\"https:\/\/alphaluna.net\/spanish\/wp-content\/uploads\/sites\/2\/2018\/02\/ficha_luna.jpg\" alt=\"\" width=\"728\" height=\"559\" srcset=\"https:\/\/alphalunacomic.net\/spanish\/wp-content\/uploads\/sites\/2\/2018\/02\/ficha_luna.jpg 728w, https:\/\/alphalunacomic.net\/spanish\/wp-content\/uploads\/sites\/2\/2018\/02\/ficha_luna-300x230.jpg 300w\" sizes=\"auto, (max-width: 728px) 100vw, 728px\" \/><\/p>\n<p style=\"text-align: center;\">Luna es una chica de pocos amigos, principalmente por que no le gusta ser el centro de atenci\u00f3n debido a su car\u00e1cter solitario. Y debido a su conocida fuerza, su poca preocupaci\u00f3n por ser femenina Luna es tildada como una mari-macho por las chicas mas populares.<\/p>\n<p style=\"text-align: center;\">Luna se incorpor\u00f3 al colegio San Fernandez un a\u00f1o antes y fue debido a un peque\u00f1o incidente que ella se convirti\u00f3 en la protectora de su amiga Collie, quien menos afortunada, es gracias a Luna que Collie termina siendo protegida de los Bullies de siempre.<\/p>\n<p>Su ni\u00f1ez siempre ha sido un misterio para ella, incosciente de su descendencia : Lic\u00e1ntropos, Luna vive como una chica &#8220;normal&#8221;.Las razones de su olvido, hasta ahora son desconocidas&#8230;<\/p>\n<p><strong>Entrevista:<\/strong><br \/>\n<strong> -C\u00f3mo te sientes acerca de la\u2026gente?:<\/strong><br \/>\n&#8220;Hay todo tipo de personas. A veces pueden hacer cosas malas si quieren\u2026 eso apesta. Entonces necesitas darles una buena lecci\u00f3n y golpearlos si es necesario. \u00bf Por qu\u00e9 no&#8230;? Pero unos pocos de ellos son Buenos, como la gente que tienes m\u00e1s cerca de ti, y eso es lo que realmente importa, por lo menos para m\u00ed.&#8221;<\/p>\n<p><strong>C\u00f3mo te sientes acerca del\u2026 poder?:<\/strong><br \/>\n&#8220;\u00bfPoder?, puedo ser fuerte y arregl\u00e1rmelas con un est\u00fapido promedio si es que me veo en la necesidad. &#8221;<\/p>\n<p><strong>C\u00f3mo te sientes acerca del\u2026 amor?:<\/strong><br \/>\n&#8220;El amor es\u2026 no estoy segura de lo que es. Pienso que los chicos creen que es alg\u00fan tipo de excusa para actuar como idiotas\u2026 y yo pienso que el amor te hace cosas tontas si lo dejas pasar, por lo que debes ser cuidadoso con el amor, o si no te da\u00f1ar\u00e1.&#8221;<\/p>\n<p><strong>C\u00f3mo te sientes acerca de la\u2026 honestidad?:<\/strong><br \/>\n&#8220;La gente necesita ser honesta. C\u00f3mo puedes confiar en alguien que no es honesto contigo? Yo nunca le mentir\u00eda a la gente en la que conf\u00edo. Cuando haces una promesa, significa algo importante no s\u00f3lo para ti, sino para le gente que cree en ti.&#8221;<\/p>\n<hr \/>\n<p>Nota del Autor:<br \/>\nLuna naci\u00f3 por all\u00e1 en el &#8217;97 cuando hice un boceto de una mujer hombre-lobo llamada &#8220;Lupina&#8221;. El mismo personaje usaba un nombre humano como Lyn, y as\u00ed el personaje evolucion\u00f3 desde un concepto de superh\u00e9roe (Lupina usaba un traje negro como Gat\u00fabela -argh-)\u2026a lo que ven hoy d\u00eda.<\/p>\n<p>No hay ning\u00fan modelo gr\u00e1fico que tenga en mente para dibujarla, pero por un largo tiempo, ella no iba a usar cabello corto y lentes. Pero entonces un a\u00f1o antes de empezar con el sitio tuve en mente la idea de que la transformaci\u00f3n ser\u00eda mas radical si su pariencia humana tambi\u00e9n cambiara.<br \/>\nLuna refleja un car\u00e1cter que espera nacer al momento en que su identidad se encuentre consigo misma, es \u00e9sta b\u00fasqueda la que gu\u00eda los pasos de ella y su historia.<\/p>\n<p>Leo<\/p>\n","protected":false},"excerpt":{"rendered":"<p>Luna es una chica de pocos amigos, principalmente por que no le gusta ser el centro de atenci\u00f3n debido a su car\u00e1cter solitario. Y debido a su conocida fuerza, su poca preocupaci\u00f3n por ser femenina Luna es tildada como una mari-macho por las chicas mas populares. Luna se incorpor\u00f3 al colegio San Fernandez un a\u00f1o [&hellip;]<\/p>\n","protected":false},"author":1,"featured_media":0,"parent":709,"menu_order":0,"comment_status":"closed","ping_status":"closed","template":"","meta":{"footnotes":""},"class_list":["post-739","page","type-page","status-publish","hentry"],"_links":{"self":[{"href":"https:\/\/alphalunacomic.net\/spanish\/wp-json\/wp\/v2\/pages\/739","targetHints":{"allow":["GET"]}}],"collection":[{"href":"https:\/\/alphalunacomic.net\/spanish\/wp-json\/wp\/v2\/pages"}],"about":[{"href":"https:\/\/alphalunacomic.net\/spanish\/wp-json\/wp\/v2\/types\/page"}],"author":[{"embeddable":true,"href":"https:\/\/alphalunacomic.net\/spanish\/wp-json\/wp\/v2\/users\/1"}],"replies":[{"embeddable":true,"href":"https:\/\/alphalunacomic.net\/spanish\/wp-json\/wp\/v2\/comments?post=739"}],"version-history":[{"count":1,"href":"https:\/\/alphalunacomic.net\/spanish\/wp-json\/wp\/v2\/pages\/739\/revisions"}],"predecessor-version":[{"id":741,"href":"https:\/\/alphalunacomic.net\/spanish\/wp-json\/wp\/v2\/pages\/739\/revisions\/741"}],"up":[{"embeddable":true,"href":"https:\/\/alphalunacomic.net\/spanish\/wp-json\/wp\/v2\/pages\/709"}],"wp:attachment":[{"href":"https:\/\/alphalunacomic.net\/spanish\/wp-json\/wp\/v2\/media?parent=739"}],"curies":[{"name":"wp","href":"https:\/\/api.w.org\/{rel}","templated":true}]}}