{"id":736,"date":"2018-02-10T23:32:28","date_gmt":"2018-02-10T23:32:28","guid":{"rendered":"https:\/\/alphalunacomic.net\/spanish\/?page_id=736"},"modified":"2018-02-10T23:32:28","modified_gmt":"2018-02-10T23:32:28","slug":"fang","status":"publish","type":"page","link":"https:\/\/alphalunacomic.net\/spanish\/characters\/fang\/","title":{"rendered":"Fang"},"content":{"rendered":"<p><img loading=\"lazy\" decoding=\"async\" class=\"aligncenter size-full wp-image-737\" src=\"https:\/\/alphaluna.net\/spanish\/wp-content\/uploads\/sites\/2\/2018\/02\/ficha_fang.jpg\" alt=\"\" width=\"728\" height=\"559\" srcset=\"https:\/\/alphalunacomic.net\/spanish\/wp-content\/uploads\/sites\/2\/2018\/02\/ficha_fang.jpg 728w, https:\/\/alphalunacomic.net\/spanish\/wp-content\/uploads\/sites\/2\/2018\/02\/ficha_fang-300x230.jpg 300w\" sizes=\"auto, (max-width: 728px) 100vw, 728px\" \/><\/p>\n<p style=\"text-align: center;\">Fang es usualmente un tipo confiado de s\u00ed y sus propias habilidades. Tiene una mentalidad muy terca cuando est\u00e1 enfrentando su objetivo el que se basa en su orgullo y sentido de superioridad de su propia raza hacia los humanos.<\/p>\n<p style=\"text-align: center;\">Fang fue criado bajo la tutela de uno de los elders sobrevivientes en las afueras de la ciudad de Anthera. Y durante un tiempo asisti\u00f3 a una primaria donde comenz\u00f3 a usar el nombre de &#8220;Alex&#8221; para encajar en la sociedad humana. Sin embargo su car\u00e1cter rebelde acab\u00f3 con su simpat\u00eda hacia su lado humano una vez que logr\u00f3 convertirse en Lic\u00e1ntropo a los 17 a\u00f1os. 4 A\u00f1os m\u00e1s tarde busca la oportunidad de convertirse en el siguiente Alfa.<\/p>\n<p><strong>Entrevista:<\/strong><\/p>\n<p><strong>-C\u00f3mo te sientes acerca de la&#8230; gente?:<\/strong><\/p>\n<p>&#8220;Los humanos? son ignorantes acerca de la Tierra que est\u00e1 alrededor suyo. Son muy arrogantes con sus armas y m\u00e1quinas, y se han alejado de la naturaleza que nos ayuda a todos en beneficio de su Raza Humana. Se les debe recordar que hay seres mas fuertes que ellos &#8221;<\/p>\n<p><strong>-C\u00f3mo te sientes acerca del&#8230; poder?:<\/strong><\/p>\n<p>&#8220;Poder? Me volver\u00e9 mas fuerte por mi cuenta batiendo a mis enemigos uno por uno. EL tiempo har\u00e1 el resto &#8220;.<\/p>\n<p><strong>-C\u00f3mo te sientes acerca del\u2026 amor?:<\/strong><\/p>\n<p>&#8220;No me puedo preocupar del amor en este momento. El amor es algo para lo que tienes tiempo cuando no est\u00e1s peleando por tu vida.&#8221;<\/p>\n<p><strong>C\u00f3mo te sientes acerca de la\u2026honestidad?:<\/strong><br \/>\n&#8220;Soy honesto conmigo mismo.&#8221;<\/p>\n<hr \/>\n<p><strong>Nota del Autor:<\/strong> Fang no cambi\u00f3 mucho desde mi concepto original. Su corte de cabello es casi el mismo desde el primer dibujo suyo que hice . Lo \u00fanico que agregu\u00e9 despu\u00e9s de comenzado el comic fue su cabello mitad oscuro, lo que pens\u00e9 era genial desde que estaba trabajando con patrones de pelaje. Pens\u00e9 que esos patrones podr\u00edan ser mostrados tambi\u00e9n como cabello normal :). Y tal vez lo \u00faltimo que decid\u00ed fue darle ojos azul claro para alejarse del estereotipo de que todos los lobos tienen ojos amarillos, lo cual no es verdad. Fuera de eso\u2026 me gusta su actitud.&#8221;<\/p>\n<p>Leo<\/p>\n","protected":false},"excerpt":{"rendered":"<p>Fang es usualmente un tipo confiado de s\u00ed y sus propias habilidades. Tiene una mentalidad muy terca cuando est\u00e1 enfrentando su objetivo el que se basa en su orgullo y sentido de superioridad de su propia raza hacia los humanos. Fang fue criado bajo la tutela de uno de los elders sobrevivientes en las afueras [&hellip;]<\/p>\n","protected":false},"author":1,"featured_media":0,"parent":709,"menu_order":0,"comment_status":"closed","ping_status":"closed","template":"","meta":{"footnotes":""},"class_list":["post-736","page","type-page","status-publish","hentry"],"_links":{"self":[{"href":"https:\/\/alphalunacomic.net\/spanish\/wp-json\/wp\/v2\/pages\/736","targetHints":{"allow":["GET"]}}],"collection":[{"href":"https:\/\/alphalunacomic.net\/spanish\/wp-json\/wp\/v2\/pages"}],"about":[{"href":"https:\/\/alphalunacomic.net\/spanish\/wp-json\/wp\/v2\/types\/page"}],"author":[{"embeddable":true,"href":"https:\/\/alphalunacomic.net\/spanish\/wp-json\/wp\/v2\/users\/1"}],"replies":[{"embeddable":true,"href":"https:\/\/alphalunacomic.net\/spanish\/wp-json\/wp\/v2\/comments?post=736"}],"version-history":[{"count":1,"href":"https:\/\/alphalunacomic.net\/spanish\/wp-json\/wp\/v2\/pages\/736\/revisions"}],"predecessor-version":[{"id":738,"href":"https:\/\/alphalunacomic.net\/spanish\/wp-json\/wp\/v2\/pages\/736\/revisions\/738"}],"up":[{"embeddable":true,"href":"https:\/\/alphalunacomic.net\/spanish\/wp-json\/wp\/v2\/pages\/709"}],"wp:attachment":[{"href":"https:\/\/alphalunacomic.net\/spanish\/wp-json\/wp\/v2\/media?parent=736"}],"curies":[{"name":"wp","href":"https:\/\/api.w.org\/{rel}","templated":true}]}}